{"id":31,"date":"2020-11-14T18:36:47","date_gmt":"2020-11-14T17:36:47","guid":{"rendered":"http:\/\/gtu.sciencespo-lille.eu\/?page_id=31"},"modified":"2023-12-17T14:37:38","modified_gmt":"2023-12-17T13:37:38","slug":"presentation","status":"publish","type":"page","link":"https:\/\/gtu.sciencespo-lille.eu\/","title":{"rendered":"Pr\u00e9sentation de la majeure Gouvernance des Territoires Urbains"},"content":{"rendered":"\n<p class=\"has-text-align-left\">Bienvenue sur le site de la&nbsp;<strong>majeure Gouvernance des Territoires Urbains (GTU)<\/strong>&nbsp;de Sciences Po Lille.<\/p>\n\n\n\n<div style=\"height:20px\" aria-hidden=\"true\" class=\"wp-block-spacer\"><\/div>\n\n\n\n<h2 class=\"wp-block-heading\" id=\"objectif-de-la-formation\">Objectif de la formation<\/h2>\n\n\n\n<p>La majeure <strong><span style=\"color:#f38630\" class=\"has-inline-color\">Gouvernance des Territoires Urbains<\/span><\/strong> (GTU) a pour objectif de pr\u00e9parer les \u00e9tudiantes et les \u00e9tudiants \u00e0 analyser les <strong>transformations de l\u2019action publique locale<\/strong> et les <strong>mutations<\/strong> qui touchent les <strong>territoires institutionnels<\/strong> (villes, intercommunalit\u00e9s, quartiers\u2026) et <strong>fonctionnels<\/strong> (bassins versants, territoires v\u00e9cus\u2026). Il s\u2019agit de leur permettre de jouer un r\u00f4le cl\u00e9 dans la construction, l\u2019analyse et l\u2019\u00e9valuation des politiques publiques urbaines.<\/p>\n\n\n\n<p>La majeure GTU propose des enseignements <strong>pluridisciplinaires <\/strong>(\u00e9conomie, droit, histoire, science politique et sociologie) qui s\u2019appuient sur des m\u00e9thodes p\u00e9dagogiques diverses (ateliers professionnels, m\u00e9moire de recherche ou rapport d\u2019expertise, travail d\u2019enqu\u00eate, voyage d\u2019\u00e9tude\u2026). Cette formation permet aux \u00e9tudiantes et aux \u00e9tudiants de d\u00e9couvrir des secteurs d\u2019action publique vari\u00e9s : politiques publiques d\u2019am\u00e9nagement, num\u00e9riques, culturelles, sanitaires, sociales, sportives, touristiques, etc.<\/p>\n\n\n\n<hr class=\"wp-block-separator has-text-color has-background is-style-wide\" style=\"background-color:#e6e6e6;color:#e6e6e6\"\/>\n\n\n\n<h2 class=\"wp-block-heading\" id=\"principaux-debouches\">Principaux d\u00e9bouch\u00e9s<\/h2>\n\n\n\n<p class=\"has-black-color has-text-color\">La formation GTU est une <strong><mark style=\"background-color:rgba(0, 0, 0, 0)\" class=\"has-inline-color has-black-color\">formation en apprentissage (M2)<\/mark><\/strong>. Elle met l\u2019accent d\u00e8s le M1 sur la <strong>professionnalisation <\/strong>afin de faciliter l\u2019insertion professionnelle des \u00e9tudiantes et des \u00e9tudiants, en particulier au sein des : <\/p>\n\n\n\n<ul class=\"wp-block-list\"><li>Collectivit\u00e9s d\u00e9centralis\u00e9es<\/li><li>Services de l\u2019Etat<\/li><li>Agences d\u2019urbanisme<\/li><li>Bailleurs sociaux<\/li><li>Soci\u00e9t\u00e9s d\u2019\u00e9conomie mixte<\/li><li>Chambres consulaires<\/li><li>Bureaux d\u2019\u00e9tudes<\/li><li>Cabinets de consultants<\/li><\/ul>\n\n\n\n<hr class=\"wp-block-separator has-text-color has-background is-style-wide\" style=\"background-color:#e6e6e6;color:#e6e6e6\"\/>\n\n\n\n<h2 class=\"wp-block-heading\" id=\"responsable-de-la-majeure-gtu\">Responsable de la majeure GTU <\/h2>\n\n\n\n<div class=\"wp-block-media-text alignwide is-stacked-on-mobile\" style=\"grid-template-columns:31% auto\"><figure class=\"wp-block-media-text__media\"><img fetchpriority=\"high\" decoding=\"async\" width=\"534\" height=\"531\" src=\"http:\/\/gtu.sciencespo-lille.eu\/wp-content\/uploads\/2020\/12\/GTU-photo.png\" alt=\"\" class=\"wp-image-225 size-full\" srcset=\"https:\/\/gtu.sciencespo-lille.eu\/wp-content\/uploads\/2020\/12\/GTU-photo.png 534w, https:\/\/gtu.sciencespo-lille.eu\/wp-content\/uploads\/2020\/12\/GTU-photo-300x298.png 300w, https:\/\/gtu.sciencespo-lille.eu\/wp-content\/uploads\/2020\/12\/GTU-photo-150x150.png 150w\" sizes=\"(max-width: 534px) 100vw, 534px\" \/><\/figure><div class=\"wp-block-media-text__content\">\n<p class=\"has-large-font-size\"><strong>Fran\u00e7ois Benchendikh<\/strong><\/p>\n\n\n\n<p><strong>Ma\u00eetre de conf\u00e9rences en droit public | Habilit\u00e9 \u00e0 diriger des recherches (HDR)<\/strong><\/p>\n\n\n\n<p>Domaines de recherche : droit de la d\u00e9centralisation ; droit de l&rsquo;urbanisme ; droit des contrats publics.<\/p>\n\n\n\n<p><strong>Mail<\/strong> : <em>francois.benchendikh@sciencespo-lille.eu<\/em><\/p>\n<\/div><\/div>\n\n\n\n<div style=\"height:30px\" aria-hidden=\"true\" class=\"wp-block-spacer\"><\/div>\n\n\n\n<h2 class=\"wp-block-heading\" id=\"edito-du-responsable-de-la-majeure-gtu\">\u00c9dito du responsable de la majeure GTU<\/h2>\n\n\n\n<p class=\"has-text-align-center\" style=\"font-size:14px\"><strong>Grand standigne<\/strong><\/p>\n\n\n\n<p class=\"has-text-align-center\" style=\"font-size:14px\"><em>Un jour on d\u00e9molira<br>ces beaux immeubles si modernes<br>on en cassera les carreaux<br>de plexiglas ou d&rsquo;ultravitre<br>on d\u00e9montera les fourneaux<br>construits \u00e0 polytechnique<br>on sectionnera les antennes<br>collectives de t\u00e9l\u00e9vision<br>on d\u00e9vissera les ascenseurs<br>on an\u00e9antira les vide-ordures<br>on broiera les chauffoses<br>on pulv\u00e9risera les frigidons<br>quand ces immeubles vieilliront<br>du poids infini de la tristesse des choses<\/em><\/p>\n\n\n\n<p class=\"has-text-align-center\" style=\"font-size:14px\"><strong>Raymond Queneau<em>, Courir les rues, <\/em>Gallimard La Pl\u00e9iade<\/strong><\/p>\n\n\n\n<div style=\"height:30px\" aria-hidden=\"true\" class=\"wp-block-spacer\"><\/div>\n\n\n\n<p class=\"has-text-align-center has-medium-font-size\"><strong>Quelle gouvernance des territoires urbains pour demain ?<\/strong><\/p>\n\n\n\n<p class=\"has-drop-cap\">Lieux d\u2019innovation technique, \u00e9conomique, sociale, \u00e9cologique, num\u00e9rique, culturelle\u2026, les <strong>territoires urbains<\/strong> sont devenus, depuis plusieurs ann\u00e9es, des <strong>espaces privil\u00e9gi\u00e9s<\/strong> produisant de nouvelles fa\u00e7ons d\u2019habiter, de se d\u00e9placer, de consommer, d\u2019\u00e9changer impactant de mani\u00e8re assez consid\u00e9rable les modes de vie.<\/p>\n\n\n\n<p>Les espaces urbains cristallisent ainsi les <strong>mutations soci\u00e9tales<\/strong> et illustrent assez nettement les adaptations dont ils ont d\u00fb faire preuve. L\u2019av\u00e8nement des <strong>gouvernements locaux, le repositionnement de l\u2019Etat-local, l\u2019importance du r\u00f4le jou\u00e9 par les institutions europ\u00e9ennes, l\u2019influence grandissante des entreprises de services urbains, l\u2019importance des mouvements sociaux<\/strong>\u2026 sont autant d\u2019acteurs publics et priv\u00e9s qui contribuent \u00e0 la fabrication des politiques publiques urbaines. D\u00e8s lors, les territoires urbains sont faces \u00e0 des <strong>crises, climatique, \u00e9nerg\u00e9tique, d\u00e9mographique mais aussi sanitaire<\/strong>, de grandes ampleurs qu\u2019ils doivent <strong>affronter&nbsp;et tenter de r\u00e9soudre<\/strong>. &nbsp;<\/p>\n\n\n\n<p>C\u2019est donc par le biais de cette formation, <strong>en alternance en 5<sup>\u00e8me<\/sup> ann\u00e9e<\/strong>, qu\u2019il vous sera possible d\u2019analyser la diversit\u00e9 des enjeux des territoires urbains en France comme \u00e0 l\u2019ext\u00e9rieur du territoire national ainsi que les transformations dont ils font preuve suite \u00e0 l\u2019\u00e9volution du monde contemporain.<\/p>\n\n\n\n<p>Je vous invite \u00e0 parcourir ce site, afin de d\u00e9couvrir les enseignements, les d\u00e9bouch\u00e9s et les conditions d\u2019acc\u00e8s \u00e0 cette nouvelle formation. Vous trouverez \u00e9galement une Foire aux Questions (FAQ) qui r\u00e9pondra \u00e0 certaines de vos interrogations.<\/p>\n\n\n\n<p class=\"has-text-align-right\"><strong>Fran\u00e7ois Benchendikh<\/strong><\/p>\n","protected":false},"excerpt":{"rendered":"<p>Bienvenue sur le site de la&nbsp;majeure Gouvernance des Territoires Urbains (GTU)&nbsp;de Sciences Po Lille. Objectif de la formation La majeure Gouvernance des Territoires Urbains (GTU) a pour objectif de pr\u00e9parer les \u00e9tudiantes et les \u00e9tudiants \u00e0 analyser les transformations de l\u2019action publique locale et les mutations qui touchent les territoires institutionnels (villes, intercommunalit\u00e9s, quartiers\u2026) et [&hellip;]<\/p>\n","protected":false},"author":1,"featured_media":0,"parent":0,"menu_order":0,"comment_status":"closed","ping_status":"closed","template":"","meta":{"_seopress_robots_primary_cat":"","_seopress_titles_title":"","_seopress_titles_desc":"","_seopress_robots_index":"","ocean_post_layout":"","ocean_both_sidebars_style":"","ocean_both_sidebars_content_width":0,"ocean_both_sidebars_sidebars_width":0,"ocean_sidebar":"0","ocean_second_sidebar":"0","ocean_disable_margins":"enable","ocean_add_body_class":"","ocean_shortcode_before_top_bar":"","ocean_shortcode_after_top_bar":"","ocean_shortcode_before_header":"","ocean_shortcode_after_header":"","ocean_has_shortcode":"","ocean_shortcode_after_title":"","ocean_shortcode_before_footer_widgets":"","ocean_shortcode_after_footer_widgets":"","ocean_shortcode_before_footer_bottom":"","ocean_shortcode_after_footer_bottom":"","ocean_display_top_bar":"default","ocean_display_header":"default","ocean_header_style":"","ocean_center_header_left_menu":"0","ocean_custom_header_template":"0","ocean_custom_logo":0,"ocean_custom_retina_logo":0,"ocean_custom_logo_max_width":0,"ocean_custom_logo_tablet_max_width":0,"ocean_custom_logo_mobile_max_width":0,"ocean_custom_logo_max_height":0,"ocean_custom_logo_tablet_max_height":0,"ocean_custom_logo_mobile_max_height":0,"ocean_header_custom_menu":"0","ocean_menu_typo_font_family":"0","ocean_menu_typo_font_subset":"","ocean_menu_typo_font_size":0,"ocean_menu_typo_font_size_tablet":0,"ocean_menu_typo_font_size_mobile":0,"ocean_menu_typo_font_size_unit":"px","ocean_menu_typo_font_weight":"","ocean_menu_typo_font_weight_tablet":"","ocean_menu_typo_font_weight_mobile":"","ocean_menu_typo_transform":"","ocean_menu_typo_transform_tablet":"","ocean_menu_typo_transform_mobile":"","ocean_menu_typo_line_height":0,"ocean_menu_typo_line_height_tablet":0,"ocean_menu_typo_line_height_mobile":0,"ocean_menu_typo_line_height_unit":"","ocean_menu_typo_spacing":0,"ocean_menu_typo_spacing_tablet":0,"ocean_menu_typo_spacing_mobile":0,"ocean_menu_typo_spacing_unit":"","ocean_menu_link_color":"","ocean_menu_link_color_hover":"","ocean_menu_link_color_active":"","ocean_menu_link_background":"","ocean_menu_link_hover_background":"","ocean_menu_link_active_background":"","ocean_menu_social_links_bg":"","ocean_menu_social_hover_links_bg":"","ocean_menu_social_links_color":"","ocean_menu_social_hover_links_color":"","ocean_disable_title":"default","ocean_disable_heading":"default","ocean_post_title":"","ocean_post_subheading":"","ocean_post_title_style":"","ocean_post_title_background_color":"","ocean_post_title_background":0,"ocean_post_title_bg_image_position":"","ocean_post_title_bg_image_attachment":"","ocean_post_title_bg_image_repeat":"","ocean_post_title_bg_image_size":"","ocean_post_title_height":0,"ocean_post_title_bg_overlay":0.5,"ocean_post_title_bg_overlay_color":"","ocean_disable_breadcrumbs":"default","ocean_breadcrumbs_color":"","ocean_breadcrumbs_separator_color":"","ocean_breadcrumbs_links_color":"","ocean_breadcrumbs_links_hover_color":"","ocean_display_footer_widgets":"default","ocean_display_footer_bottom":"default","ocean_custom_footer_template":"0","footnotes":""},"class_list":["post-31","page","type-page","status-publish","hentry","entry"],"_links":{"self":[{"href":"https:\/\/gtu.sciencespo-lille.eu\/index.php\/wp-json\/wp\/v2\/pages\/31","targetHints":{"allow":["GET"]}}],"collection":[{"href":"https:\/\/gtu.sciencespo-lille.eu\/index.php\/wp-json\/wp\/v2\/pages"}],"about":[{"href":"https:\/\/gtu.sciencespo-lille.eu\/index.php\/wp-json\/wp\/v2\/types\/page"}],"author":[{"embeddable":true,"href":"https:\/\/gtu.sciencespo-lille.eu\/index.php\/wp-json\/wp\/v2\/users\/1"}],"replies":[{"embeddable":true,"href":"https:\/\/gtu.sciencespo-lille.eu\/index.php\/wp-json\/wp\/v2\/comments?post=31"}],"version-history":[{"count":45,"href":"https:\/\/gtu.sciencespo-lille.eu\/index.php\/wp-json\/wp\/v2\/pages\/31\/revisions"}],"predecessor-version":[{"id":488,"href":"https:\/\/gtu.sciencespo-lille.eu\/index.php\/wp-json\/wp\/v2\/pages\/31\/revisions\/488"}],"wp:attachment":[{"href":"https:\/\/gtu.sciencespo-lille.eu\/index.php\/wp-json\/wp\/v2\/media?parent=31"}],"curies":[{"name":"wp","href":"https:\/\/api.w.org\/{rel}","templated":true}]}}