{"id":439,"date":"2022-02-24T21:38:52","date_gmt":"2022-02-24T20:38:52","guid":{"rendered":"https:\/\/gtu.sciencespo-lille.eu\/?page_id=439"},"modified":"2022-12-07T12:36:23","modified_gmt":"2022-12-07T11:36:23","slug":"partenariats","status":"publish","type":"page","link":"https:\/\/gtu.sciencespo-lille.eu\/index.php\/partenariats\/","title":{"rendered":"Partenariat"},"content":{"rendered":"\n<p>Dans le cadre d\u2019un partenariat in\u00e9dit, Sciences Po Lille s\u2019est associ\u00e9e \u00e0 l\u2019<strong>\u00c9cole Nationale Sup\u00e9rieure d\u2019Architecture et de Paysage de Lille<\/strong> (ENSAPL) et \u00e0 l\u2019<strong>Institut d\u2019Am\u00e9nagement et d\u2019Urbanisme de Lille<\/strong> pour la cr\u00e9ation d\u2019une chaire pour les transitions m\u00e9tropolitaines, le <a href=\"https:\/\/www.lille.archi.fr\/2021\/06\/23\/metroforum\" target=\"_blank\" rel=\"noreferrer noopener\">METROFORUM<\/a>.<\/p>\n\n\n\n<div style=\"height:26px\" aria-hidden=\"true\" class=\"wp-block-spacer\"><\/div>\n\n\n\n<figure class=\"wp-block-image size-full is-resized\"><img fetchpriority=\"high\" decoding=\"async\" src=\"https:\/\/gtu.sciencespo-lille.eu\/wp-content\/uploads\/2022\/02\/image-6.png\" alt=\"\" class=\"wp-image-443\" width=\"384\" height=\"274\" srcset=\"https:\/\/gtu.sciencespo-lille.eu\/wp-content\/uploads\/2022\/02\/image-6.png 547w, https:\/\/gtu.sciencespo-lille.eu\/wp-content\/uploads\/2022\/02\/image-6-300x214.png 300w\" sizes=\"(max-width: 384px) 100vw, 384px\" \/><\/figure>\n\n\n\n<h2 class=\"wp-block-heading\">6\u00e8me ann\u00e9e \u00e0 Montr\u00e9al :<\/h2>\n\n\n\n<p>Les diplom\u00e9.e.s de la majeure GTU vont disposer de la possibilit\u00e9 de faire leur 6\u00e8me ann\u00e9e \u00e0 l\u2019Ecole Nationale d\u2019Administration Publique (ENAP) de Montr\u00e9al (<a href=\"http:\/\/www.enap.ca\" data-type=\"URL\" data-id=\"www.enap.ca\">www.enap.ca<\/a>) suite \u00e0 un accord conclu entre Sciences po Lille et l\u2019ENAP.<\/p>\n","protected":false},"excerpt":{"rendered":"<p>Dans le cadre d\u2019un partenariat in\u00e9dit, Sciences Po Lille s\u2019est associ\u00e9e \u00e0 l\u2019\u00c9cole Nationale Sup\u00e9rieure d\u2019Architecture et de Paysage de Lille (ENSAPL) et \u00e0 l\u2019Institut d\u2019Am\u00e9nagement et d\u2019Urbanisme de Lille pour la cr\u00e9ation d\u2019une chaire pour les transitions m\u00e9tropolitaines, le METROFORUM. 6\u00e8me ann\u00e9e \u00e0 Montr\u00e9al : Les diplom\u00e9.e.s de la majeure GTU vont disposer de [&hellip;]<\/p>\n","protected":false},"author":1,"featured_media":0,"parent":0,"menu_order":0,"comment_status":"closed","ping_status":"closed","template":"","meta":{"_seopress_robots_primary_cat":"","_seopress_titles_title":"","_seopress_titles_desc":"","_seopress_robots_index":"","ocean_post_layout":"","ocean_both_sidebars_style":"","ocean_both_sidebars_content_width":0,"ocean_both_sidebars_sidebars_width":0,"ocean_sidebar":"0","ocean_second_sidebar":"0","ocean_disable_margins":"enable","ocean_add_body_class":"","ocean_shortcode_before_top_bar":"","ocean_shortcode_after_top_bar":"","ocean_shortcode_before_header":"","ocean_shortcode_after_header":"","ocean_has_shortcode":"","ocean_shortcode_after_title":"","ocean_shortcode_before_footer_widgets":"","ocean_shortcode_after_footer_widgets":"","ocean_shortcode_before_footer_bottom":"","ocean_shortcode_after_footer_bottom":"","ocean_display_top_bar":"default","ocean_display_header":"default","ocean_header_style":"","ocean_center_header_left_menu":"0","ocean_custom_header_template":"0","ocean_custom_logo":0,"ocean_custom_retina_logo":0,"ocean_custom_logo_max_width":0,"ocean_custom_logo_tablet_max_width":0,"ocean_custom_logo_mobile_max_width":0,"ocean_custom_logo_max_height":0,"ocean_custom_logo_tablet_max_height":0,"ocean_custom_logo_mobile_max_height":0,"ocean_header_custom_menu":"0","ocean_menu_typo_font_family":"0","ocean_menu_typo_font_subset":"","ocean_menu_typo_font_size":0,"ocean_menu_typo_font_size_tablet":0,"ocean_menu_typo_font_size_mobile":0,"ocean_menu_typo_font_size_unit":"px","ocean_menu_typo_font_weight":"","ocean_menu_typo_font_weight_tablet":"","ocean_menu_typo_font_weight_mobile":"","ocean_menu_typo_transform":"","ocean_menu_typo_transform_tablet":"","ocean_menu_typo_transform_mobile":"","ocean_menu_typo_line_height":0,"ocean_menu_typo_line_height_tablet":0,"ocean_menu_typo_line_height_mobile":0,"ocean_menu_typo_line_height_unit":"","ocean_menu_typo_spacing":0,"ocean_menu_typo_spacing_tablet":0,"ocean_menu_typo_spacing_mobile":0,"ocean_menu_typo_spacing_unit":"","ocean_menu_link_color":"","ocean_menu_link_color_hover":"","ocean_menu_link_color_active":"","ocean_menu_link_background":"","ocean_menu_link_hover_background":"","ocean_menu_link_active_background":"","ocean_menu_social_links_bg":"","ocean_menu_social_hover_links_bg":"","ocean_menu_social_links_color":"","ocean_menu_social_hover_links_color":"","ocean_disable_title":"default","ocean_disable_heading":"default","ocean_post_title":"","ocean_post_subheading":"","ocean_post_title_style":"","ocean_post_title_background_color":"","ocean_post_title_background":0,"ocean_post_title_bg_image_position":"","ocean_post_title_bg_image_attachment":"","ocean_post_title_bg_image_repeat":"","ocean_post_title_bg_image_size":"","ocean_post_title_height":0,"ocean_post_title_bg_overlay":0.5,"ocean_post_title_bg_overlay_color":"","ocean_disable_breadcrumbs":"default","ocean_breadcrumbs_color":"","ocean_breadcrumbs_separator_color":"","ocean_breadcrumbs_links_color":"","ocean_breadcrumbs_links_hover_color":"","ocean_display_footer_widgets":"default","ocean_display_footer_bottom":"default","ocean_custom_footer_template":"0","footnotes":""},"class_list":["post-439","page","type-page","status-publish","hentry","entry"],"_links":{"self":[{"href":"https:\/\/gtu.sciencespo-lille.eu\/index.php\/wp-json\/wp\/v2\/pages\/439","targetHints":{"allow":["GET"]}}],"collection":[{"href":"https:\/\/gtu.sciencespo-lille.eu\/index.php\/wp-json\/wp\/v2\/pages"}],"about":[{"href":"https:\/\/gtu.sciencespo-lille.eu\/index.php\/wp-json\/wp\/v2\/types\/page"}],"author":[{"embeddable":true,"href":"https:\/\/gtu.sciencespo-lille.eu\/index.php\/wp-json\/wp\/v2\/users\/1"}],"replies":[{"embeddable":true,"href":"https:\/\/gtu.sciencespo-lille.eu\/index.php\/wp-json\/wp\/v2\/comments?post=439"}],"version-history":[{"count":6,"href":"https:\/\/gtu.sciencespo-lille.eu\/index.php\/wp-json\/wp\/v2\/pages\/439\/revisions"}],"predecessor-version":[{"id":532,"href":"https:\/\/gtu.sciencespo-lille.eu\/index.php\/wp-json\/wp\/v2\/pages\/439\/revisions\/532"}],"wp:attachment":[{"href":"https:\/\/gtu.sciencespo-lille.eu\/index.php\/wp-json\/wp\/v2\/media?parent=439"}],"curies":[{"name":"wp","href":"https:\/\/api.w.org\/{rel}","templated":true}]}}