{"id":61,"date":"2020-11-15T19:02:01","date_gmt":"2020-11-15T18:02:01","guid":{"rendered":"http:\/\/gtu.sciencespo-lille.eu\/?page_id=61"},"modified":"2022-12-07T11:23:47","modified_gmt":"2022-12-07T10:23:47","slug":"projet-commun-4eme-annee","status":"publish","type":"page","link":"https:\/\/gtu.sciencespo-lille.eu\/index.php\/projet-commun-4eme-annee\/","title":{"rendered":"Atelier (M2)"},"content":{"rendered":"\n<p>Un atelier va \u00eatre r\u00e9alis\u00e9 par les \u00e9tudiantes et les \u00e9tudiants au cours des semestres 3 et 4 de la majeure GTU (en 5<sup>\u00e8me<\/sup> ann\u00e9e). Il s\u2019agit d\u2019une <strong>m\u00e9thode p\u00e9dagogique innovante <\/strong>ax\u00e9e \u00e0 la fois sur la <strong>transdisciplinarit\u00e9 <\/strong>et sur la <strong>mise en situation professionnelle<\/strong>.<\/p>\n\n\n\n<p>L\u2019objectif de ce travail est de permettre aux \u00e9tudiantes et aux \u00e9tudiants de mobiliser diff\u00e9rentes disciplines (\u00e9conomie, droit, histoire, urbanisme\u2026) afin de <strong>r\u00e9pondre \u00e0 une commande professionnelle<\/strong> pass\u00e9e avec un organisme public (collectivit\u00e9 territoire, administration d\u00e9concentr\u00e9e\u2026) ou priv\u00e9 (bureau d&rsquo;\u00e9tudes, association&#8230;).<\/p>\n\n\n\n<p>Il s\u2019agira de r\u00e9aliser notamment <strong>une analyse et un diagnostic<\/strong> afin de r\u00e9diger un rapport destin\u00e9 \u00e0 effectuer <strong>des recommandations et des pr\u00e9conisations<\/strong> permettant ainsi au commanditaire de b\u00e9n\u00e9ficier d\u2019une \u00e9tude d\u2019aide \u00e0 la d\u00e9cision.<\/p>\n\n\n\n<h2 class=\"wp-block-heading\">Colloque : Tiers-lieux, de nouveaux laboratoires d\u2019\u00e9laboration des politiques publiques ?<\/h2>\n\n\n\n<p>En association avec La Compagnie des Tiers-Lieux, Tiers-Lieu Paysan de Martini\u00e8re et La Vigotte Lab, un colloque sera organis\u00e9 le 5 mai 2023 \u00e0 Sciences po Lille qui sera consacr\u00e9 \u00e0 la th\u00e9matique de la transformation des modes de coop\u00e9ration au sein des territoires (urbains, p\u00e9ri-urbains et ruraux) \u00e0 travers la mobilisation des tiers-lieux.<\/p>\n\n\n\n<p>Ce colloque aura pour objectif d\u2019analyser et d\u2019appr\u00e9hender les dynamiques des tiers-lieux sur les territoires en tant qu\u2019espaces d\u2019\u00e9mancipation et d\u2019encapacitation citoyenne, lieux d\u2019exp\u00e9rimentation en lien avec les transitions sociale, \u00e9cologique et \u00e9conomique et laboratoires de co-construction de politiques publiques territoriales. Il s\u2019agira, dans un second temps, de comprendre les logiques de coop\u00e9ration multi-acteurs sur les territoires et explorer des pistes concr\u00e8tes de coop\u00e9ration gr\u00e2ce aux tiers-lieux.<\/p>\n\n\n\n<p>Le colloque rassemblera des chercheurs fran\u00e7ais (Universit\u00e9s de la r\u00e9gion des Hauts-de-France principalement) et europ\u00e9ens ayant amorc\u00e9s des projets de recherche autour des tiers-lieux et de leurs rapports aux territoires, ainsi que l\u2019ensemble des acteurs (tiers-lieux, MEL, R\u00e9gion, CEREMA, Agences de l\u2019Etat\u2026). L\u2019\u00e9v\u00e8nement sera l\u2019opportunit\u00e9 pour eux de partager les r\u00e9sultats de leurs travaux. Des tables rondes seront organis\u00e9es, en lien avec les quatre probl\u00e9matiques :<\/p>\n\n\n\n<ul class=\"wp-block-list\"><li>Tiers-lieux et d\u00e9veloppement de nouvelles fili\u00e8res alimentaires territoriales,<\/li><li>Tiers-lieux et d\u00e9veloppement de nouvelles comp\u00e9tences et coop\u00e9rations sur les territoires,<\/li><li>Tiers-lieux et gestion du foncier sur leurs territoires d\u2019ancrage,<\/li><li>Tiers lieux, documentation et communs territoriaux.<\/li><\/ul>\n\n\n\n<p>L\u2019\u00e9v\u00e8nement sera l\u2019occasion de pr\u00e9parer des contributions collectives qui seront ensuite int\u00e9gr\u00e9es dans un ouvrage d\u00e9di\u00e9. Cette publication vise \u00e0 participer aux r\u00e9flexions men\u00e9es \u00e0 l\u2019\u00e9chelle nationale, notamment par les agences de l\u2019ANCT, de la Banque des Territoires et du CEREMA, mais \u00e9galement au niveau r\u00e9gional et m\u00e9tropolitain, sur la transformation de l\u2019\u00e9laboration des politiques publiques d\u2019am\u00e9nagement et de d\u00e9veloppement des territoires dans un contexte de transition \u00e9cologique. Le livre et les supports de communication associ\u00e9s valoriseront l\u2019ensemble des contributeurs qui pourront \u00e9galement en utiliser les contenus.<\/p>\n","protected":false},"excerpt":{"rendered":"<p>Un atelier va \u00eatre r\u00e9alis\u00e9 par les \u00e9tudiantes et les \u00e9tudiants au cours des semestres 3 et 4 de la majeure GTU (en 5\u00e8me ann\u00e9e). Il s\u2019agit d\u2019une m\u00e9thode p\u00e9dagogique innovante ax\u00e9e \u00e0 la fois sur la transdisciplinarit\u00e9 et sur la mise en situation professionnelle. L\u2019objectif de ce travail est de permettre aux \u00e9tudiantes et [&hellip;]<\/p>\n","protected":false},"author":1,"featured_media":0,"parent":0,"menu_order":0,"comment_status":"closed","ping_status":"closed","template":"","meta":{"_seopress_robots_primary_cat":"","_seopress_titles_title":"","_seopress_titles_desc":"","_seopress_robots_index":"","ocean_post_layout":"","ocean_both_sidebars_style":"","ocean_both_sidebars_content_width":0,"ocean_both_sidebars_sidebars_width":0,"ocean_sidebar":"0","ocean_second_sidebar":"0","ocean_disable_margins":"enable","ocean_add_body_class":"","ocean_shortcode_before_top_bar":"","ocean_shortcode_after_top_bar":"","ocean_shortcode_before_header":"","ocean_shortcode_after_header":"","ocean_has_shortcode":"","ocean_shortcode_after_title":"","ocean_shortcode_before_footer_widgets":"","ocean_shortcode_after_footer_widgets":"","ocean_shortcode_before_footer_bottom":"","ocean_shortcode_after_footer_bottom":"","ocean_display_top_bar":"default","ocean_display_header":"default","ocean_header_style":"","ocean_center_header_left_menu":"0","ocean_custom_header_template":"0","ocean_custom_logo":0,"ocean_custom_retina_logo":0,"ocean_custom_logo_max_width":0,"ocean_custom_logo_tablet_max_width":0,"ocean_custom_logo_mobile_max_width":0,"ocean_custom_logo_max_height":0,"ocean_custom_logo_tablet_max_height":0,"ocean_custom_logo_mobile_max_height":0,"ocean_header_custom_menu":"0","ocean_menu_typo_font_family":"0","ocean_menu_typo_font_subset":"","ocean_menu_typo_font_size":0,"ocean_menu_typo_font_size_tablet":0,"ocean_menu_typo_font_size_mobile":0,"ocean_menu_typo_font_size_unit":"px","ocean_menu_typo_font_weight":"","ocean_menu_typo_font_weight_tablet":"","ocean_menu_typo_font_weight_mobile":"","ocean_menu_typo_transform":"","ocean_menu_typo_transform_tablet":"","ocean_menu_typo_transform_mobile":"","ocean_menu_typo_line_height":0,"ocean_menu_typo_line_height_tablet":0,"ocean_menu_typo_line_height_mobile":0,"ocean_menu_typo_line_height_unit":"","ocean_menu_typo_spacing":0,"ocean_menu_typo_spacing_tablet":0,"ocean_menu_typo_spacing_mobile":0,"ocean_menu_typo_spacing_unit":"","ocean_menu_link_color":"","ocean_menu_link_color_hover":"","ocean_menu_link_color_active":"","ocean_menu_link_background":"","ocean_menu_link_hover_background":"","ocean_menu_link_active_background":"","ocean_menu_social_links_bg":"","ocean_menu_social_hover_links_bg":"","ocean_menu_social_links_color":"","ocean_menu_social_hover_links_color":"","ocean_disable_title":"default","ocean_disable_heading":"default","ocean_post_title":"","ocean_post_subheading":"","ocean_post_title_style":"","ocean_post_title_background_color":"","ocean_post_title_background":0,"ocean_post_title_bg_image_position":"","ocean_post_title_bg_image_attachment":"","ocean_post_title_bg_image_repeat":"","ocean_post_title_bg_image_size":"","ocean_post_title_height":0,"ocean_post_title_bg_overlay":0.5,"ocean_post_title_bg_overlay_color":"","ocean_disable_breadcrumbs":"default","ocean_breadcrumbs_color":"","ocean_breadcrumbs_separator_color":"","ocean_breadcrumbs_links_color":"","ocean_breadcrumbs_links_hover_color":"","ocean_display_footer_widgets":"default","ocean_display_footer_bottom":"default","ocean_custom_footer_template":"0","footnotes":""},"class_list":["post-61","page","type-page","status-publish","hentry","entry"],"_links":{"self":[{"href":"https:\/\/gtu.sciencespo-lille.eu\/index.php\/wp-json\/wp\/v2\/pages\/61","targetHints":{"allow":["GET"]}}],"collection":[{"href":"https:\/\/gtu.sciencespo-lille.eu\/index.php\/wp-json\/wp\/v2\/pages"}],"about":[{"href":"https:\/\/gtu.sciencespo-lille.eu\/index.php\/wp-json\/wp\/v2\/types\/page"}],"author":[{"embeddable":true,"href":"https:\/\/gtu.sciencespo-lille.eu\/index.php\/wp-json\/wp\/v2\/users\/1"}],"replies":[{"embeddable":true,"href":"https:\/\/gtu.sciencespo-lille.eu\/index.php\/wp-json\/wp\/v2\/comments?post=61"}],"version-history":[{"count":8,"href":"https:\/\/gtu.sciencespo-lille.eu\/index.php\/wp-json\/wp\/v2\/pages\/61\/revisions"}],"predecessor-version":[{"id":511,"href":"https:\/\/gtu.sciencespo-lille.eu\/index.php\/wp-json\/wp\/v2\/pages\/61\/revisions\/511"}],"wp:attachment":[{"href":"https:\/\/gtu.sciencespo-lille.eu\/index.php\/wp-json\/wp\/v2\/media?parent=61"}],"curies":[{"name":"wp","href":"https:\/\/api.w.org\/{rel}","templated":true}]}}