{"id":63,"date":"2020-11-15T19:02:23","date_gmt":"2020-11-15T18:02:23","guid":{"rendered":"http:\/\/gtu.sciencespo-lille.eu\/?page_id=63"},"modified":"2024-11-21T17:19:00","modified_gmt":"2024-11-21T16:19:00","slug":"voyage-detude-4eme-annee","status":"publish","type":"page","link":"https:\/\/gtu.sciencespo-lille.eu\/index.php\/voyage-detude-4eme-annee\/","title":{"rendered":"Voyage d&rsquo;\u00e9tude (M1)"},"content":{"rendered":"\n<p>Le voyage d\u2019\u00e9tude est effectu\u00e9 au deuxi\u00e8me semestre de la majeure GTU (4<sup>\u00e8me<\/sup> ann\u00e9e). Le voyage d\u2019\u00e9tude fait int\u00e9gralement partie de la p\u00e9dagogie de la formation.<\/p>\n\n\n\n<p>Chaque promotion participe activement \u00e0 leur <strong>pr\u00e9paration lors du premier semestre<\/strong> o\u00f9 les <strong>rencontres avec des praticiennes, des particiens, des \u00e9lues<\/strong> <strong>et des \u00e9lus<\/strong> sont multiples, ce qui permet la d\u00e9couverte d\u2019un monde professionnel riche.<\/p>\n\n\n\n<p>Il s\u2019agit ainsi de confronter rapidement les \u00e9tudiantes et les \u00e9tudiants aux principes et aux acteurs des territoires urbains (outils, proc\u00e9dures, enjeux\u2026).<\/p>\n\n\n\n<p>A l\u2019issue du voyage d\u2019\u00e9tude, un rapport de synth\u00e8se est r\u00e9alis\u00e9 par les \u00e9tudiantes et les \u00e9tudiants.<\/p>\n\n\n\n<div style=\"height:18px\" aria-hidden=\"true\" class=\"wp-block-spacer\"><\/div>\n\n\n\n<h2 class=\"wp-block-heading\">Voyage d\u2019\u00e9tudes : \u00ab D\u2019Arles \u00e0 Bordeaux \u00bb<\/h2>\n\n\n\n<p>Int\u00e9ress\u00e9e par la relation entre fondation priv\u00e9e et gouvernance des villes, la promotion Denis Mukwege (2023) s\u2019est rendue \u00e0 Arles du 31 janvier au 4 f\u00e9vrier 2022. Durant une semaine, les \u00e9tudiantes et les \u00e9tudiants ont r\u00e9alis\u00e9 une trentaine d\u2019entretiens pour comprendre l\u2019influence de la Fondation Luma, centre culturel exp\u00e9rimental, dans les politiques de la ville.<\/p>\n\n\n\n<ul class=\"wp-block-list\">\n<li><strong>En 2022<\/strong>, les \u00e9tudiant.e.s de 4\u00e8me ann\u00e9e ont fait le choix de se d\u00e9placer en Arles pendant cinq jours pour r\u00e9aliser une tr\u00e8s int\u00e9ressante \u00e9tude intitul\u00e9e : \u00ab L\u2019implantation de la fondation LUMA en Arles. Quels effets pour le territoire et sa gouvernance ? \u00bb qui a donn\u00e9 lieu \u00e0 la r\u00e9daction d\u2019un rapport final de 112 pages.<\/li>\n<\/ul>\n\n\n\n<div class=\"wp-block-columns is-layout-flex wp-container-core-columns-is-layout-9d6595d7 wp-block-columns-is-layout-flex\">\n<div class=\"wp-block-column is-layout-flow wp-block-column-is-layout-flow\">\n<figure class=\"wp-block-image size-large is-resized\"><img fetchpriority=\"high\" decoding=\"async\" width=\"724\" height=\"1024\" src=\"https:\/\/gtu.sciencespo-lille.eu\/wp-content\/uploads\/2022\/12\/Sans-titre-1-min-724x1024.png\" alt=\"\" class=\"wp-image-515\" style=\"width:369px;height:521px\" srcset=\"https:\/\/gtu.sciencespo-lille.eu\/wp-content\/uploads\/2022\/12\/Sans-titre-1-min-724x1024.png 724w, https:\/\/gtu.sciencespo-lille.eu\/wp-content\/uploads\/2022\/12\/Sans-titre-1-min-212x300.png 212w, https:\/\/gtu.sciencespo-lille.eu\/wp-content\/uploads\/2022\/12\/Sans-titre-1-min-768x1086.png 768w, https:\/\/gtu.sciencespo-lille.eu\/wp-content\/uploads\/2022\/12\/Sans-titre-1-min-1086x1536.png 1086w, https:\/\/gtu.sciencespo-lille.eu\/wp-content\/uploads\/2022\/12\/Sans-titre-1-min.png 1414w\" sizes=\"(max-width: 724px) 100vw, 724px\" \/><\/figure>\n<\/div>\n\n\n\n<div class=\"wp-block-column is-layout-flow wp-block-column-is-layout-flow\"><div class=\"wp-block-image\">\n<figure class=\"aligncenter size-full\"><img decoding=\"async\" width=\"200\" height=\"461\" src=\"https:\/\/gtu.sciencespo-lille.eu\/wp-content\/uploads\/2022\/02\/image-5-e1701440617439.png\" alt=\"\" class=\"wp-image-436\"\/><\/figure><\/div><\/div>\n<\/div>\n\n\n\n<hr class=\"wp-block-separator has-text-color has-css-opacity has-background is-style-wide\" style=\"background-color:#e6e6e6;color:#e6e6e6\"\/>\n\n\n\n<div class=\"wp-block-columns is-layout-flex wp-container-core-columns-is-layout-9d6595d7 wp-block-columns-is-layout-flex\">\n<div class=\"wp-block-column is-layout-flow wp-block-column-is-layout-flow\">\n<ul class=\"wp-block-list\">\n<li>Les \u00e9tudiant.e.s de la deuxi\u00e8me promotion ont port\u00e9 leur choix sur la ville de Bordeaux. Ce voyage d&rsquo;\u00e9tudes organis\u00e9 du <strong>6 au 10 f\u00e9vrier 2023 <\/strong>a g\u00e9n\u00e9r\u00e9 la r\u00e9alisation d&rsquo;un important rapport (154 pages) dont le titre est \u00ab\u00a0Le Projet Bastide-Niel \u00e0 Bordeaux. Les enjeux de la r\u00e9habilitation d&rsquo;une friche militaro-ferroviaire en \u00e9co-quartier sur la rive droite\u00a0\u00bb.<\/li>\n<\/ul>\n<\/div>\n\n\n\n<div class=\"wp-block-column is-layout-flow wp-block-column-is-layout-flow\"><div class=\"wp-block-image\">\n<figure class=\"aligncenter size-full is-resized\"><img decoding=\"async\" width=\"570\" height=\"725\" src=\"https:\/\/gtu.sciencespo-lille.eu\/wp-content\/uploads\/2023\/12\/Le_Projet_Bastide_Niel_a_bordeaux-1.png\" alt=\"\" class=\"wp-image-555\" style=\"width:259px;height:331px\" srcset=\"https:\/\/gtu.sciencespo-lille.eu\/wp-content\/uploads\/2023\/12\/Le_Projet_Bastide_Niel_a_bordeaux-1.png 570w, https:\/\/gtu.sciencespo-lille.eu\/wp-content\/uploads\/2023\/12\/Le_Projet_Bastide_Niel_a_bordeaux-1-236x300.png 236w\" sizes=\"(max-width: 570px) 100vw, 570px\" \/><\/figure><\/div><\/div>\n<\/div>\n\n\n\n<hr class=\"wp-block-separator has-text-color has-css-opacity has-background is-style-wide\" style=\"background-color:#e6e6e6;color:#e6e6e6\"\/>\n\n\n\n<h2 class=\"wp-block-heading\">Puis \u00e0 Concarneau<\/h2>\n\n\n\n<ul class=\"wp-block-list\">\n<li>Les \u00e9tudiant.e.s de la troisi\u00e8me promotion ont travaill\u00e9 sur la notion de Low-tech. Dans ce cadre, le voyage d\u2019\u00e9tudes a eu lieu \u00e0 Concarneau du 19 au 23 f\u00e9vrier 2024. Ils ont pu appr\u00e9hender les modalit\u00e9s de mise en \u0153uvre d&rsquo;une nouvelle forme d&rsquo;action publique ax\u00e9e sur la sobri\u00e9t\u00e9 au sein de cette commune bretonne.<\/li>\n<\/ul>\n\n\n<div class=\"wp-block-image\">\n<figure class=\"aligncenter size-large is-resized\"><img loading=\"lazy\" decoding=\"async\" width=\"1024\" height=\"640\" src=\"https:\/\/gtu.sciencespo-lille.eu\/wp-content\/uploads\/2024\/11\/E33B022D-F518-4C16-A1C7-D00327A01261_1_201_a-1024x640.jpeg\" alt=\"\" class=\"wp-image-609\" style=\"width:386px;height:auto\" srcset=\"https:\/\/gtu.sciencespo-lille.eu\/wp-content\/uploads\/2024\/11\/E33B022D-F518-4C16-A1C7-D00327A01261_1_201_a-1024x640.jpeg 1024w, https:\/\/gtu.sciencespo-lille.eu\/wp-content\/uploads\/2024\/11\/E33B022D-F518-4C16-A1C7-D00327A01261_1_201_a-300x188.jpeg 300w, https:\/\/gtu.sciencespo-lille.eu\/wp-content\/uploads\/2024\/11\/E33B022D-F518-4C16-A1C7-D00327A01261_1_201_a-768x480.jpeg 768w, https:\/\/gtu.sciencespo-lille.eu\/wp-content\/uploads\/2024\/11\/E33B022D-F518-4C16-A1C7-D00327A01261_1_201_a.jpeg 1200w\" sizes=\"(max-width: 1024px) 100vw, 1024px\" \/><\/figure><\/div>\n\n\n<ul class=\"wp-block-list\">\n<li>Les \u00e9tudiant.e.s de la quatri\u00e8me promotion se d\u00e9placeront \u00e0 Chamrousse, du 3 au 7 f\u00e9vrier, pour \u00e9tudier la reconversion d&rsquo;une station de ski r\u00e9sultant du changement climatique.<\/li>\n<\/ul>\n","protected":false},"excerpt":{"rendered":"<p>Le voyage d\u2019\u00e9tude est effectu\u00e9 au deuxi\u00e8me semestre de la majeure GTU (4\u00e8me ann\u00e9e). Le voyage d\u2019\u00e9tude fait int\u00e9gralement partie de la p\u00e9dagogie de la formation. Chaque promotion participe activement \u00e0 leur pr\u00e9paration lors du premier semestre o\u00f9 les rencontres avec des praticiennes, des particiens, des \u00e9lues et des \u00e9lus sont multiples, ce qui permet [&hellip;]<\/p>\n","protected":false},"author":1,"featured_media":0,"parent":0,"menu_order":0,"comment_status":"closed","ping_status":"closed","template":"","meta":{"_seopress_robots_primary_cat":"","_seopress_titles_title":"","_seopress_titles_desc":"","_seopress_robots_index":"","ocean_post_layout":"","ocean_both_sidebars_style":"","ocean_both_sidebars_content_width":0,"ocean_both_sidebars_sidebars_width":0,"ocean_sidebar":"0","ocean_second_sidebar":"0","ocean_disable_margins":"enable","ocean_add_body_class":"","ocean_shortcode_before_top_bar":"","ocean_shortcode_after_top_bar":"","ocean_shortcode_before_header":"","ocean_shortcode_after_header":"","ocean_has_shortcode":"","ocean_shortcode_after_title":"","ocean_shortcode_before_footer_widgets":"","ocean_shortcode_after_footer_widgets":"","ocean_shortcode_before_footer_bottom":"","ocean_shortcode_after_footer_bottom":"","ocean_display_top_bar":"default","ocean_display_header":"default","ocean_header_style":"","ocean_center_header_left_menu":"0","ocean_custom_header_template":"0","ocean_custom_logo":0,"ocean_custom_retina_logo":0,"ocean_custom_logo_max_width":0,"ocean_custom_logo_tablet_max_width":0,"ocean_custom_logo_mobile_max_width":0,"ocean_custom_logo_max_height":0,"ocean_custom_logo_tablet_max_height":0,"ocean_custom_logo_mobile_max_height":0,"ocean_header_custom_menu":"0","ocean_menu_typo_font_family":"0","ocean_menu_typo_font_subset":"","ocean_menu_typo_font_size":0,"ocean_menu_typo_font_size_tablet":0,"ocean_menu_typo_font_size_mobile":0,"ocean_menu_typo_font_size_unit":"px","ocean_menu_typo_font_weight":"","ocean_menu_typo_font_weight_tablet":"","ocean_menu_typo_font_weight_mobile":"","ocean_menu_typo_transform":"","ocean_menu_typo_transform_tablet":"","ocean_menu_typo_transform_mobile":"","ocean_menu_typo_line_height":0,"ocean_menu_typo_line_height_tablet":0,"ocean_menu_typo_line_height_mobile":0,"ocean_menu_typo_line_height_unit":"","ocean_menu_typo_spacing":0,"ocean_menu_typo_spacing_tablet":0,"ocean_menu_typo_spacing_mobile":0,"ocean_menu_typo_spacing_unit":"","ocean_menu_link_color":"","ocean_menu_link_color_hover":"","ocean_menu_link_color_active":"","ocean_menu_link_background":"","ocean_menu_link_hover_background":"","ocean_menu_link_active_background":"","ocean_menu_social_links_bg":"","ocean_menu_social_hover_links_bg":"","ocean_menu_social_links_color":"","ocean_menu_social_hover_links_color":"","ocean_disable_title":"default","ocean_disable_heading":"default","ocean_post_title":"","ocean_post_subheading":"","ocean_post_title_style":"","ocean_post_title_background_color":"","ocean_post_title_background":0,"ocean_post_title_bg_image_position":"","ocean_post_title_bg_image_attachment":"","ocean_post_title_bg_image_repeat":"","ocean_post_title_bg_image_size":"","ocean_post_title_height":0,"ocean_post_title_bg_overlay":0.5,"ocean_post_title_bg_overlay_color":"","ocean_disable_breadcrumbs":"default","ocean_breadcrumbs_color":"","ocean_breadcrumbs_separator_color":"","ocean_breadcrumbs_links_color":"","ocean_breadcrumbs_links_hover_color":"","ocean_display_footer_widgets":"default","ocean_display_footer_bottom":"default","ocean_custom_footer_template":"0","footnotes":""},"class_list":["post-63","page","type-page","status-publish","hentry","entry"],"_links":{"self":[{"href":"https:\/\/gtu.sciencespo-lille.eu\/index.php\/wp-json\/wp\/v2\/pages\/63","targetHints":{"allow":["GET"]}}],"collection":[{"href":"https:\/\/gtu.sciencespo-lille.eu\/index.php\/wp-json\/wp\/v2\/pages"}],"about":[{"href":"https:\/\/gtu.sciencespo-lille.eu\/index.php\/wp-json\/wp\/v2\/types\/page"}],"author":[{"embeddable":true,"href":"https:\/\/gtu.sciencespo-lille.eu\/index.php\/wp-json\/wp\/v2\/users\/1"}],"replies":[{"embeddable":true,"href":"https:\/\/gtu.sciencespo-lille.eu\/index.php\/wp-json\/wp\/v2\/comments?post=63"}],"version-history":[{"count":15,"href":"https:\/\/gtu.sciencespo-lille.eu\/index.php\/wp-json\/wp\/v2\/pages\/63\/revisions"}],"predecessor-version":[{"id":611,"href":"https:\/\/gtu.sciencespo-lille.eu\/index.php\/wp-json\/wp\/v2\/pages\/63\/revisions\/611"}],"wp:attachment":[{"href":"https:\/\/gtu.sciencespo-lille.eu\/index.php\/wp-json\/wp\/v2\/media?parent=63"}],"curies":[{"name":"wp","href":"https:\/\/api.w.org\/{rel}","templated":true}]}}