{"id":67,"date":"2020-11-15T19:03:06","date_gmt":"2020-11-15T18:03:06","guid":{"rendered":"http:\/\/gtu.sciencespo-lille.eu\/?page_id=67"},"modified":"2022-11-16T16:16:05","modified_gmt":"2022-11-16T15:16:05","slug":"temoignages-detudiants-et-etudiantes-de-la-majeure-gtu","status":"publish","type":"page","link":"https:\/\/gtu.sciencespo-lille.eu\/index.php\/temoignages-detudiants-et-etudiantes-de-la-majeure-gtu\/","title":{"rendered":"T\u00e9moignages d&rsquo;\u00e9tudiantes et \u00e9tudiants de la majeure GTU"},"content":{"rendered":"\n<div class=\"wp-block-image\"><figure class=\"aligncenter size-large is-resized\"><img decoding=\"async\" src=\"http:\/\/gtu.sciencespo-lille.eu\/wp-content\/uploads\/2020\/12\/Temoignages-GTU.png\" alt=\"\" class=\"wp-image-249\" width=\"150\" height=\"150\" srcset=\"https:\/\/gtu.sciencespo-lille.eu\/wp-content\/uploads\/2020\/12\/Temoignages-GTU.png 500w, https:\/\/gtu.sciencespo-lille.eu\/wp-content\/uploads\/2020\/12\/Temoignages-GTU-300x300.png 300w, https:\/\/gtu.sciencespo-lille.eu\/wp-content\/uploads\/2020\/12\/Temoignages-GTU-150x150.png 150w\" sizes=\"(max-width: 150px) 100vw, 150px\" \/><\/figure><\/div>\n\n\n\n<figure class=\"wp-block-embed is-type-video is-provider-youtube wp-block-embed-youtube wp-embed-aspect-16-9 wp-has-aspect-ratio\"><div class=\"wp-block-embed__wrapper\">\n<p class=\"responsive-video-wrap clr\"><iframe title=\"Cycle master - majeure &quot;Gouvernance des territoires urbains&quot; (GTU)\" width=\"1200\" height=\"675\" src=\"https:\/\/www.youtube.com\/embed\/ns5tBM0a5pg?feature=oembed\" frameborder=\"0\" allow=\"accelerometer; autoplay; clipboard-write; encrypted-media; gyroscope; picture-in-picture\" allowfullscreen><\/iframe><\/p>\n<\/div><\/figure>\n\n\n\n<hr class=\"wp-block-separator is-style-default\"\/>\n\n\n\n<p style=\"font-size:18px\"><strong>Chlo\u00e9 Redon<\/strong>, promotion 2023 (Denis Mukwege)<\/p>\n\n\n\n<p><strong>Pourquoi avez-vous choisi cette majeure ?<\/strong><\/p>\n\n\n\n<blockquote class=\"wp-block-quote is-layout-flow wp-block-quote-is-layout-flow\"><p>\u201cJ\u2019ai choisi la majeure GTU dans un premier temps pour la transversalit\u00e9 de ses enseignements, tout en \u00e9tant appliqu\u00e9e \u00e0 l\u2019action publique locale. Les mati\u00e8res dispens\u00e9es permettent \u00e0 tous les \u00e9tudiant.e.s, y compris celles et ceux n\u2019ayant pas effectu\u00e9 leur premier cycle \u00e0 Sciences Po Lille, d\u2019avoir une approche compl\u00e8te et exhaustive des politiques publiques locales. Dans un second temps, l\u2019aspect professionnalisant de la majeure a fortement pes\u00e9 dans ma d\u00e9cision&nbsp;: la r\u00e9alisation d\u2019un voyage d\u2019\u00e9tude ainsi que la formation en apprentissage en derni\u00e8re ann\u00e9e de master sont des avantages consid\u00e9rables pour la r\u00e9alisation des projets professionnels tr\u00e8s divers de la promotion.\u201d<\/p><\/blockquote>\n\n\n\n<p><strong>Qu&rsquo;est-ce qui vous pla\u00eet le plus ?<\/strong><\/p>\n\n\n\n<blockquote class=\"wp-block-quote is-layout-flow wp-block-quote-is-layout-flow\"><p>\u201cJe suis intimement convaincue que chaque \u00e9tudiant.e peut r\u00e9aliser son projet professionnel gr\u00e2ce \u00e0 la formation GTU. Au sein de notre classe, nous avons tous un profil et des sensibilit\u00e9s diff\u00e9rentes&nbsp;: nous pouvons tous.tes trouver un enseignement ou une th\u00e9matique nous permettant d\u2019approfondir nos centres d\u2019int\u00e9r\u00eats personnels et professionnels. Par ailleurs, l\u2019effectif tr\u00e8s r\u00e9duit de la promotion (treize \u00e9tudiant.e.s) permet une grande solidarit\u00e9 et une tr\u00e8s bonne entente consolid\u00e9e par le voyage d\u2019\u00e9tude.\u201d<\/p><\/blockquote>\n\n\n\n<p><strong>Qu&rsquo;est-ce que cette formation vous a apport\u00e9 ?<\/strong><\/p>\n\n\n\n<blockquote class=\"wp-block-quote is-layout-flow wp-block-quote-is-layout-flow\"><p>\u201cCette formation m\u2019a \u00e9t\u00e9 tr\u00e8s b\u00e9n\u00e9fique acad\u00e9miquement, me permettant d\u2019acqu\u00e9rir des connaissances diverses et compl\u00e8tes sur les enseignements dispens\u00e9s. Plus personnellement, la majeure GTU a consolid\u00e9 mon go\u00fbt pour le service public, m\u2019a permis d\u2019apprendre \u00e0 g\u00e9rer des imp\u00e9ratifs acad\u00e9miques et \u00e0 acqu\u00e9rir des comp\u00e9tences vari\u00e9es n\u00e9cessaires dans le monde professionnel. Sans cette formation, je n\u2019aurais pas eu connaissance d\u2019opportunit\u00e9s futures qui m\u2019enthousiasment aujourd\u2019hui, et je n\u2019aurais pas eu les cl\u00e9s pour y pr\u00e9tendre. En somme, je pense que la majeure GTU peut \u00eatre un outil d\u2019\u00e9panouissement personnel comme professionnel \u00e0 consid\u00e9rer, je ne regrette pas ma d\u00e9cision d\u2019y postuler&nbsp;!\u201d<\/p><\/blockquote>\n","protected":false},"excerpt":{"rendered":"<p>Chlo\u00e9 Redon, promotion 2023 (Denis Mukwege) Pourquoi avez-vous choisi cette majeure ? \u201cJ\u2019ai choisi la majeure GTU dans un premier temps pour la transversalit\u00e9 de ses enseignements, tout en \u00e9tant appliqu\u00e9e \u00e0 l\u2019action publique locale. Les mati\u00e8res dispens\u00e9es permettent \u00e0 tous les \u00e9tudiant.e.s, y compris celles et ceux n\u2019ayant pas effectu\u00e9 leur premier cycle \u00e0 [&hellip;]<\/p>\n","protected":false},"author":1,"featured_media":0,"parent":0,"menu_order":0,"comment_status":"closed","ping_status":"closed","template":"","meta":{"_seopress_robots_primary_cat":"","_seopress_titles_title":"","_seopress_titles_desc":"","_seopress_robots_index":"","ocean_post_layout":"","ocean_both_sidebars_style":"","ocean_both_sidebars_content_width":0,"ocean_both_sidebars_sidebars_width":0,"ocean_sidebar":"0","ocean_second_sidebar":"0","ocean_disable_margins":"enable","ocean_add_body_class":"","ocean_shortcode_before_top_bar":"","ocean_shortcode_after_top_bar":"","ocean_shortcode_before_header":"","ocean_shortcode_after_header":"","ocean_has_shortcode":"","ocean_shortcode_after_title":"","ocean_shortcode_before_footer_widgets":"","ocean_shortcode_after_footer_widgets":"","ocean_shortcode_before_footer_bottom":"","ocean_shortcode_after_footer_bottom":"","ocean_display_top_bar":"default","ocean_display_header":"default","ocean_header_style":"","ocean_center_header_left_menu":"0","ocean_custom_header_template":"0","ocean_custom_logo":0,"ocean_custom_retina_logo":0,"ocean_custom_logo_max_width":0,"ocean_custom_logo_tablet_max_width":0,"ocean_custom_logo_mobile_max_width":0,"ocean_custom_logo_max_height":0,"ocean_custom_logo_tablet_max_height":0,"ocean_custom_logo_mobile_max_height":0,"ocean_header_custom_menu":"0","ocean_menu_typo_font_family":"0","ocean_menu_typo_font_subset":"","ocean_menu_typo_font_size":0,"ocean_menu_typo_font_size_tablet":0,"ocean_menu_typo_font_size_mobile":0,"ocean_menu_typo_font_size_unit":"px","ocean_menu_typo_font_weight":"","ocean_menu_typo_font_weight_tablet":"","ocean_menu_typo_font_weight_mobile":"","ocean_menu_typo_transform":"","ocean_menu_typo_transform_tablet":"","ocean_menu_typo_transform_mobile":"","ocean_menu_typo_line_height":0,"ocean_menu_typo_line_height_tablet":0,"ocean_menu_typo_line_height_mobile":0,"ocean_menu_typo_line_height_unit":"","ocean_menu_typo_spacing":0,"ocean_menu_typo_spacing_tablet":0,"ocean_menu_typo_spacing_mobile":0,"ocean_menu_typo_spacing_unit":"","ocean_menu_link_color":"","ocean_menu_link_color_hover":"","ocean_menu_link_color_active":"","ocean_menu_link_background":"","ocean_menu_link_hover_background":"","ocean_menu_link_active_background":"","ocean_menu_social_links_bg":"","ocean_menu_social_hover_links_bg":"","ocean_menu_social_links_color":"","ocean_menu_social_hover_links_color":"","ocean_disable_title":"default","ocean_disable_heading":"default","ocean_post_title":"","ocean_post_subheading":"","ocean_post_title_style":"","ocean_post_title_background_color":"","ocean_post_title_background":0,"ocean_post_title_bg_image_position":"","ocean_post_title_bg_image_attachment":"","ocean_post_title_bg_image_repeat":"","ocean_post_title_bg_image_size":"","ocean_post_title_height":0,"ocean_post_title_bg_overlay":0.5,"ocean_post_title_bg_overlay_color":"","ocean_disable_breadcrumbs":"default","ocean_breadcrumbs_color":"","ocean_breadcrumbs_separator_color":"","ocean_breadcrumbs_links_color":"","ocean_breadcrumbs_links_hover_color":"","ocean_display_footer_widgets":"default","ocean_display_footer_bottom":"default","ocean_custom_footer_template":"0","footnotes":""},"class_list":["post-67","page","type-page","status-publish","hentry","entry"],"_links":{"self":[{"href":"https:\/\/gtu.sciencespo-lille.eu\/index.php\/wp-json\/wp\/v2\/pages\/67","targetHints":{"allow":["GET"]}}],"collection":[{"href":"https:\/\/gtu.sciencespo-lille.eu\/index.php\/wp-json\/wp\/v2\/pages"}],"about":[{"href":"https:\/\/gtu.sciencespo-lille.eu\/index.php\/wp-json\/wp\/v2\/types\/page"}],"author":[{"embeddable":true,"href":"https:\/\/gtu.sciencespo-lille.eu\/index.php\/wp-json\/wp\/v2\/users\/1"}],"replies":[{"embeddable":true,"href":"https:\/\/gtu.sciencespo-lille.eu\/index.php\/wp-json\/wp\/v2\/comments?post=67"}],"version-history":[{"count":11,"href":"https:\/\/gtu.sciencespo-lille.eu\/index.php\/wp-json\/wp\/v2\/pages\/67\/revisions"}],"predecessor-version":[{"id":496,"href":"https:\/\/gtu.sciencespo-lille.eu\/index.php\/wp-json\/wp\/v2\/pages\/67\/revisions\/496"}],"wp:attachment":[{"href":"https:\/\/gtu.sciencespo-lille.eu\/index.php\/wp-json\/wp\/v2\/media?parent=67"}],"curies":[{"name":"wp","href":"https:\/\/api.w.org\/{rel}","templated":true}]}}