{"id":69,"date":"2020-11-15T19:03:22","date_gmt":"2020-11-15T18:03:22","guid":{"rendered":"http:\/\/gtu.sciencespo-lille.eu\/?page_id=69"},"modified":"2023-12-01T14:26:35","modified_gmt":"2023-12-01T13:26:35","slug":"faq","status":"publish","type":"page","link":"https:\/\/gtu.sciencespo-lille.eu\/index.php\/faq\/","title":{"rendered":"FAQ"},"content":{"rendered":"\n<h2 class=\"has-text-align-center wp-block-heading\">Foire aux Questions<\/h2>\n\n\n\n<div class=\"wp-block-image\"><figure class=\"aligncenter size-large is-resized\"><img decoding=\"async\" src=\"http:\/\/gtu.sciencespo-lille.eu\/wp-content\/uploads\/2020\/12\/FAQ-GTU.png\" alt=\"\" class=\"wp-image-247\" width=\"150\" height=\"150\" srcset=\"https:\/\/gtu.sciencespo-lille.eu\/wp-content\/uploads\/2020\/12\/FAQ-GTU.png 500w, https:\/\/gtu.sciencespo-lille.eu\/wp-content\/uploads\/2020\/12\/FAQ-GTU-300x300.png 300w, https:\/\/gtu.sciencespo-lille.eu\/wp-content\/uploads\/2020\/12\/FAQ-GTU-150x150.png 150w\" sizes=\"(max-width: 150px) 100vw, 150px\" \/><\/figure><\/div>\n\n\n\n<p class=\"has-medium-font-size\"><strong>Peut-on acc\u00e9der \u00e0 la majeure GTU directement en 5<sup>\u00e8me<\/sup>&nbsp;ann\u00e9e (niveau M2) ?&nbsp;<\/strong><\/p>\n\n\n\n<p>Non, il n\u2019est pas possible d\u2019acc\u00e9der \u00e0 la majeure GTU directement en 5<sup>\u00e8me<\/sup>&nbsp;ann\u00e9e. L\u2019admission dans la formation ne peut se faire qu\u2019au niveau de la 4<sup>\u00e8me<\/sup> ann\u00e9e (M1), en r\u00e9ussissant le concours d\u2019entr\u00e9e directe en 4<sup>\u00e8me<\/sup>&nbsp;ann\u00e9e de Sciences Po Lille (voir&nbsp;<a rel=\"noreferrer noopener\" href=\"http:\/\/www.sciencespo-lille.eu\/integrer\/les-procedures-dadmission\" target=\"_blank\"><strong>ici<\/strong><\/a>).<\/p>\n\n\n\n<div style=\"height:30px\" aria-hidden=\"true\" class=\"wp-block-spacer\"><\/div>\n\n\n\n<p class=\"has-medium-font-size\"><strong>La majeure GTU est-elle ouverte \u00e0 l\u2019alternance ?&nbsp;<\/strong>&nbsp;<\/p>\n\n\n\n<p>Oui, cette majeure est ouverte \u00e0 l\u2019alternance, qui se r\u00e9alise en 5<sup>\u00e8me<\/sup> ann\u00e9e.<\/p>\n\n\n\n<div style=\"height:30px\" aria-hidden=\"true\" class=\"wp-block-spacer\"><\/div>\n\n\n\n<p class=\"has-medium-font-size\"><strong>Est-il possible de faire son alternance \u00e0 l&rsquo;\u00e9tranger ?<\/strong><\/p>\n\n\n\n<p>Oui, sur le principe, il est possible de r\u00e9aliser son alternance en dehors de la France. Attention toutefois aux modalit\u00e9s pratiques et notamment concernant le rythme entre la pr\u00e9sence \u00e0 l\u2019\u00e9cole et la pr\u00e9sence au sein de la structure d\u2019accueil.<\/p>\n\n\n\n<div style=\"height:30px\" aria-hidden=\"true\" class=\"wp-block-spacer\"><\/div>\n\n\n\n<p class=\"has-medium-font-size\"><strong>Peut-on faire un stage en 4<sup>\u00e8me<\/sup>&nbsp;ann\u00e9e (niveau M1) ?<\/strong><\/p>\n\n\n\n<p>Oui, il est possible de r\u00e9aliser un stage optionnel \u00e0 la fin de la 4<sup>\u00e8me<\/sup> ann\u00e9e, une fois le m\u00e9moire soutenu et les examens termin\u00e9s (entre les mois de mai et ao\u00fbt). Ce stage \u00e9tant optionnel, il n\u2019est pas associ\u00e9 \u00e0 des ECTS et ne n\u00e9cessite pas la production d\u2019un rapport.<\/p>\n\n\n\n<div style=\"height:30px\" aria-hidden=\"true\" class=\"wp-block-spacer\"><\/div>\n\n\n\n<p class=\"has-medium-font-size\"><strong>Quelles sont les comp\u00e9tences \u00e9valu\u00e9es durant l\u2019oral d\u2019admission ? Des pr\u00e9requis sont-ils exig\u00e9s pour int\u00e9grer la majeure ?<\/strong><\/p>\n\n\n\n<p>L\u2019objectif premier de cet entretien est de v\u00e9rifier l\u2019ad\u00e9quation de votre projet professionnel avec l\u2019identit\u00e9 de la formation et ses d\u00e9bouch\u00e9s. Il est aussi attendu des candidates et des candidats qu\u2019ils et elles s\u2019int\u00e9ressent \u00e0 l\u2019actualit\u00e9 du monde de l&rsquo;urbanisme, des collectivit\u00e9s territoriales, de l&rsquo;am\u00e9nagement, mais pas seulement. Les (futurs) \u00e9tudiants et \u00e9tudiantes de Sciences Po doivent avoir une vraie curiosit\u00e9 sur le monde qui les entoure ! Le jury peut ainsi ouvrir une discussion sur l\u2019actualit\u00e9 du moment. S\u2019il ne s\u2019agit pas d\u2019un pr\u00e9requis \u00e0 proprement parler, les candidates et candidats doivent t\u00e9moigner \u00e9galement d\u2019un r\u00e9el int\u00e9r\u00eat pour la lecture et les sciences humaines et sociales. Avoir une exp\u00e9rience \u00e0 l&rsquo;\u00e9tranger ou suite \u00e0 la r\u00e9alisation de stages est un plus.<\/p>\n\n\n\n<div style=\"height:30px\" aria-hidden=\"true\" class=\"wp-block-spacer\"><\/div>\n\n\n\n<p class=\"has-medium-font-size\"><strong><strong>Quel sera le rythme de l&rsquo;alternance en cinqui\u00e8me ann\u00e9e ?<\/strong><\/strong><\/p>\n\n\n\n<p><strong>L&rsquo;alternance en GTU <\/strong>se d\u00e9roule comme suit&nbsp;:<\/p>\n\n\n\n<ul class=\"wp-block-list\"><li><strong>3 semaines<\/strong>&nbsp;en entreprise \u2013 secteur public<\/li><li><strong>1 semaine<\/strong>&nbsp;de cours \u00e0 Sciences Po Lille<\/li><\/ul>\n\n\n\n<div style=\"height:30px\" aria-hidden=\"true\" class=\"wp-block-spacer\"><\/div>\n\n\n\n<p class=\"has-medium-font-size\"><strong>Quelle est la r\u00e9mun\u00e9ration per\u00e7ue par les apprentis et apprenties durant l\u2019apprentissage et quelle est la dur\u00e9e du contrat d\u2019apprentissage ?<\/strong><\/p>\n\n\n\n<p>Le salaire est de minimum 61% du Smic ou SMC.<\/p>\n\n\n\n<p>La dur\u00e9e du contrat est d\u2019un an mais cela peut varier selon la date de d\u00e9but.<\/p>\n\n\n\n<p>Le contrat peut commencer trois mois avant \/ apr\u00e8s le d\u00e9but des cours et doit prendre fin au plus t\u00f4t apr\u00e8s le dernier jour de cours. La grande majorit\u00e9 des contrats d\u00e9marre en septembre.<\/p>\n\n\n\n<div style=\"height:30px\" aria-hidden=\"true\" class=\"wp-block-spacer\"><\/div>\n\n\n\n<p class=\"has-medium-font-size\"><strong>Les absences et les cong\u00e9s de l\u2019\u00e9l\u00e8ve en apprentissage sont-ils envisageables&nbsp;? <\/strong><\/p>\n\n\n\n<p>Comme tout salari\u00e9, l\u2019\u00e9l\u00e8ve en apprentissage dispose, apr\u00e8s un mois de travail minimum, de deux jours et demi ouvrables par mois de travail. Les cong\u00e9s pay\u00e9s ne peuvent avoir lieu en m\u00eame temps que les p\u00e9riodes de cours (C. Trav., art. L. 6222-35).<\/p>\n\n\n\n<p>L\u2019\u00e9l\u00e8ve en apprentissage b\u00e9n\u00e9ficie \u00e9galement de cinq jours de cong\u00e9s suppl\u00e9mentaires pour pr\u00e9parer ses examens de cycle de formation.<\/p>\n\n\n\n<p>La pr\u00e9sence en cours est obligatoire, un contr\u00f4le de l\u2019assiduit\u00e9 est effectu\u00e9 pour chaque cours.<\/p>\n\n\n\n<div style=\"height:30px\" aria-hidden=\"true\" class=\"wp-block-spacer\"><\/div>\n\n\n\n<p class=\"has-medium-font-size\"><strong>A combien s&rsquo;\u00e9l\u00e8vent les frais de scolarit\u00e9&nbsp;? <\/strong><\/p>\n\n\n\n<p><strong>Pour la 4\u00e8me ann\u00e9e<\/strong> : un m\u00e9canisme de modulation des droits d&rsquo;inscription est en vigueur depuis la rentr\u00e9e 2013. Dans un souci de plus grande \u00e9quit\u00e9 sociale entre les \u00e9l\u00e8ves, la modulation est \u00e9tablie en fonction du revenu fiscal des parents et repose sur un syst\u00e8me de progressivit\u00e9 des droits. Les \u00e9l\u00e8ves boursiers selon les crit\u00e8res du CROUS (y compris les boursiers \u00e0 l&rsquo;\u00e9chelon 0) sont exon\u00e9r\u00e9s de droits de scolarit\u00e9. Plus d&rsquo;informations <a href=\"https:\/\/www.sciencespo-lille.eu\/integrer\/droits-de-scolarite\">ici<\/a>.<\/p>\n\n\n\n<p><strong>Pour la 5\u00e8me ann\u00e9e<\/strong> : les frais de scolarit\u00e9 en master 2 \u2013 Apprentissage sont enti\u00e8rement pris en charge par l\u2019OPCO de l\u2019employeur priv\u00e9, le Minist\u00e8re ou le CNFPT.<\/p>\n","protected":false},"excerpt":{"rendered":"<p>Foire aux Questions Peut-on acc\u00e9der \u00e0 la majeure GTU directement en 5\u00e8me&nbsp;ann\u00e9e (niveau M2) ?&nbsp; Non, il n\u2019est pas possible d\u2019acc\u00e9der \u00e0 la majeure GTU directement en 5\u00e8me&nbsp;ann\u00e9e. L\u2019admission dans la formation ne peut se faire qu\u2019au niveau de la 4\u00e8me ann\u00e9e (M1), en r\u00e9ussissant le concours d\u2019entr\u00e9e directe en 4\u00e8me&nbsp;ann\u00e9e de Sciences Po Lille [&hellip;]<\/p>\n","protected":false},"author":1,"featured_media":0,"parent":0,"menu_order":0,"comment_status":"closed","ping_status":"closed","template":"","meta":{"_seopress_robots_primary_cat":"","_seopress_titles_title":"","_seopress_titles_desc":"","_seopress_robots_index":"","ocean_post_layout":"","ocean_both_sidebars_style":"","ocean_both_sidebars_content_width":0,"ocean_both_sidebars_sidebars_width":0,"ocean_sidebar":"0","ocean_second_sidebar":"0","ocean_disable_margins":"enable","ocean_add_body_class":"","ocean_shortcode_before_top_bar":"","ocean_shortcode_after_top_bar":"","ocean_shortcode_before_header":"","ocean_shortcode_after_header":"","ocean_has_shortcode":"","ocean_shortcode_after_title":"","ocean_shortcode_before_footer_widgets":"","ocean_shortcode_after_footer_widgets":"","ocean_shortcode_before_footer_bottom":"","ocean_shortcode_after_footer_bottom":"","ocean_display_top_bar":"default","ocean_display_header":"default","ocean_header_style":"","ocean_center_header_left_menu":"0","ocean_custom_header_template":"0","ocean_custom_logo":0,"ocean_custom_retina_logo":0,"ocean_custom_logo_max_width":0,"ocean_custom_logo_tablet_max_width":0,"ocean_custom_logo_mobile_max_width":0,"ocean_custom_logo_max_height":0,"ocean_custom_logo_tablet_max_height":0,"ocean_custom_logo_mobile_max_height":0,"ocean_header_custom_menu":"0","ocean_menu_typo_font_family":"0","ocean_menu_typo_font_subset":"","ocean_menu_typo_font_size":0,"ocean_menu_typo_font_size_tablet":0,"ocean_menu_typo_font_size_mobile":0,"ocean_menu_typo_font_size_unit":"px","ocean_menu_typo_font_weight":"","ocean_menu_typo_font_weight_tablet":"","ocean_menu_typo_font_weight_mobile":"","ocean_menu_typo_transform":"","ocean_menu_typo_transform_tablet":"","ocean_menu_typo_transform_mobile":"","ocean_menu_typo_line_height":0,"ocean_menu_typo_line_height_tablet":0,"ocean_menu_typo_line_height_mobile":0,"ocean_menu_typo_line_height_unit":"","ocean_menu_typo_spacing":0,"ocean_menu_typo_spacing_tablet":0,"ocean_menu_typo_spacing_mobile":0,"ocean_menu_typo_spacing_unit":"","ocean_menu_link_color":"","ocean_menu_link_color_hover":"","ocean_menu_link_color_active":"","ocean_menu_link_background":"","ocean_menu_link_hover_background":"","ocean_menu_link_active_background":"","ocean_menu_social_links_bg":"","ocean_menu_social_hover_links_bg":"","ocean_menu_social_links_color":"","ocean_menu_social_hover_links_color":"","ocean_disable_title":"default","ocean_disable_heading":"default","ocean_post_title":"","ocean_post_subheading":"","ocean_post_title_style":"","ocean_post_title_background_color":"","ocean_post_title_background":0,"ocean_post_title_bg_image_position":"","ocean_post_title_bg_image_attachment":"","ocean_post_title_bg_image_repeat":"","ocean_post_title_bg_image_size":"","ocean_post_title_height":0,"ocean_post_title_bg_overlay":0.5,"ocean_post_title_bg_overlay_color":"","ocean_disable_breadcrumbs":"default","ocean_breadcrumbs_color":"","ocean_breadcrumbs_separator_color":"","ocean_breadcrumbs_links_color":"","ocean_breadcrumbs_links_hover_color":"","ocean_display_footer_widgets":"default","ocean_display_footer_bottom":"default","ocean_custom_footer_template":"0","footnotes":""},"class_list":["post-69","page","type-page","status-publish","hentry","entry"],"_links":{"self":[{"href":"https:\/\/gtu.sciencespo-lille.eu\/index.php\/wp-json\/wp\/v2\/pages\/69","targetHints":{"allow":["GET"]}}],"collection":[{"href":"https:\/\/gtu.sciencespo-lille.eu\/index.php\/wp-json\/wp\/v2\/pages"}],"about":[{"href":"https:\/\/gtu.sciencespo-lille.eu\/index.php\/wp-json\/wp\/v2\/types\/page"}],"author":[{"embeddable":true,"href":"https:\/\/gtu.sciencespo-lille.eu\/index.php\/wp-json\/wp\/v2\/users\/1"}],"replies":[{"embeddable":true,"href":"https:\/\/gtu.sciencespo-lille.eu\/index.php\/wp-json\/wp\/v2\/comments?post=69"}],"version-history":[{"count":16,"href":"https:\/\/gtu.sciencespo-lille.eu\/index.php\/wp-json\/wp\/v2\/pages\/69\/revisions"}],"predecessor-version":[{"id":552,"href":"https:\/\/gtu.sciencespo-lille.eu\/index.php\/wp-json\/wp\/v2\/pages\/69\/revisions\/552"}],"wp:attachment":[{"href":"https:\/\/gtu.sciencespo-lille.eu\/index.php\/wp-json\/wp\/v2\/media?parent=69"}],"curies":[{"name":"wp","href":"https:\/\/api.w.org\/{rel}","templated":true}]}}